{"id":1057,"date":"2018-11-09T17:28:55","date_gmt":"2018-11-09T16:28:55","guid":{"rendered":"http:\/\/patriciamillet-cleriops-creation.com\/?page_id=1057"},"modified":"2025-07-12T17:24:55","modified_gmt":"2025-07-12T15:24:55","slug":"ateliers","status":"publish","type":"page","link":"https:\/\/patriciamillet-cleriops-creation.com\/index.php\/ateliers\/","title":{"rendered":"ATELIERS"},"content":{"rendered":"<div class=\"wpb-content-wrapper\"><p>[vc_row][vc_column][vc_cta h2=\u00a0\u00bb\u00a0\u00bb txt_align=\u00a0\u00bbcenter\u00a0\u00bb shape=\u00a0\u00bbsquare\u00a0\u00bb style=\u00a0\u00bb3d\u00a0\u00bb css_animation=\u00a0\u00bbrotateInDownLeft\u00a0\u00bb css=\u00a0\u00bb\u00a0\u00bb]<span style=\"color: #b31414;\"><strong><span style=\"font-size: 24pt;\">MEDIATION\u00a0\u00a0\u00a0 ARTISTIQUE\u00a0 :<\/span><\/strong><\/span><\/p>\n<audio class=\"wp-audio-shortcode\" id=\"audio-1057-1\" autoplay preload=\"none\" style=\"width: 100%;\" controls=\"controls\"><source type=\"audio\/mpeg\" src=\"https:\/\/patriciamillet-cleriops-creation.com\/wp-content\/uploads\/2017\/08\/pmillet-mouettes.m4a?_=1\" \/><a href=\"https:\/\/patriciamillet-cleriops-creation.com\/wp-content\/uploads\/2017\/08\/pmillet-mouettes.m4a\">https:\/\/patriciamillet-cleriops-creation.com\/wp-content\/uploads\/2017\/08\/pmillet-mouettes.m4a<\/a><\/audio>\n<p>[\/vc_cta][\/vc_column][\/vc_row][vc_row][vc_column parallax=\u00a0\u00bbcontent-moving\u00a0\u00bb parallax_image=\u00a0\u00bb1200&Prime;][vc_column_text]<\/p>\n<p style=\"text-align: center;\"><span style=\"color: #bf1515;\"><strong>ATELIERS \u00ab\u00a0EXPRESSIONS ET CREATIONS\u00a0\u00bb :<\/strong><\/span><\/p>\n<p style=\"text-align: center;\"><strong><span style=\"color: #0000ff;\">&gt;&gt;\u00a0 EXPRIMER PAR LA CREATION<\/span><\/strong><\/p>\n<p style=\"text-align: center;\"><span style=\"color: #0000ff;\"><strong>&gt;&gt;\u00a0 CREER SON OEUVRE<\/strong><\/span><\/p>\n<p style=\"text-align: center;\"><span style=\"color: #0000ff;\"><strong>&gt;&gt;\u00a0 SPACIALISER SA PRODUCTION<\/strong><\/span><\/p>\n<p>&nbsp;<\/p>\n<p style=\"text-align: center;\"><span style=\"color: #0000ff;\"><strong><span style=\"color: #bf1515;\">CREATION\u00a0 PLURIDISCIPLINAIRE :<\/span><br \/>\n<\/strong><\/span><\/p>\n<p style=\"text-align: center;\"><span style=\"color: #0000ff;\"><strong>\u00a0&gt; \u00e9criture<\/strong><\/span><\/p>\n<p style=\"text-align: center;\"><span style=\"color: #0000ff;\"><strong>&gt;\u00a0 peinture<\/strong><\/span><\/p>\n<p style=\"text-align: center;\"><span style=\"color: #0000ff;\"><strong>&gt; musique MAO<\/strong><\/span><\/p>\n<p style=\"text-align: center;\"><span style=\"color: #0000ff;\"><strong>&gt; th\u00e9\u00e2tre<\/strong><\/span><\/p>\n<p style=\"text-align: center;\"><span style=\"color: #0000ff;\"><strong>&gt; photo<\/strong><\/span><\/p>\n<p style=\"text-align: center;\"><span style=\"color: #0000ff;\"><strong>&gt;\u00a0 vid\u00e9o<\/strong><\/span><\/p>\n<p style=\"text-align: center;\"><span style=\"color: #0000ff;\"><strong>&gt;\u00a0 spectacle<\/strong><\/span><\/p>\n<p style=\"text-align: center;\"><span style=\"color: #0000ff;\"><strong>&gt; installation \/ exposition<\/strong><\/span><\/p>\n<p style=\"text-align: center;\"><span style=\"color: #0000ff;\"><strong>&gt; cr\u00e9ation\u00a0 web<\/strong><\/span><\/p>\n<p>&nbsp;<\/p>\n<p>&nbsp;<\/p>\n<p style=\"text-align: center;\"><span style=\"color: #c72816; font-size: 18pt;\"><strong><em>individuel ou collectif\u00a0\u00a0\u00a0\u00a0\u00a0 \/\u00a0\u00a0\u00a0 tout public<br \/>\n<\/em><\/strong><\/span><\/p>\n<p style=\"text-align: center;\"><span style=\"color: #c72816; font-size: 18pt;\"><strong>PUBLIC\u00a0\u00a0 \/\u00a0\u00a0 PRIVE<\/strong><\/span><\/p>\n<p>&nbsp;<\/p>\n<p>&nbsp;<\/p>\n<p><span style=\"color: #0000ff;\"><em><strong>\u221a\u00a0 ACCOMPAGNEMENTS, ponctuels et dur\u00e9es d\u00e9termin\u00e9es<\/strong><\/em><\/span><\/p>\n<p><span style=\"color: #0000ff;\"><strong>\u221a\u00a0 <em>SESSIONS D&rsquo;INTERVENTIONS ,sur site, ponctuelles et dur\u00e9es d\u00e9termin\u00e9es <\/em><\/strong><\/span><\/p>\n<p><span style=\"color: #0000ff;\"><em><strong>\u221a\u00a0 STAGES<\/strong><\/em><em><strong>,<\/strong><\/em><em><strong> initiation &#8211; perfectionnement &#8211; r\u00e9alisation &#8211; selon calendrier\u00a0\u00a0\u00a0\u00a0\u00a0\u00a0\u00a0 \u00a0 \u00a0 \u00a0 \u00a0 \u00a0 \u00a0 \u00a0 \u00a0 \u00a0 \u00a0 \u00a0\u00a0\u00a0\u00a0\u00a0 <\/strong><\/em><\/span><\/p>\n<p>&nbsp;<\/p>\n<p><span style=\"color: #0000ff;\"><strong>\u21d2\u00a0 toute sollicitation fait l&rsquo;objet d&rsquo;une \u00e9tude attentive et d&rsquo;une \u00e9valuation du besoin pour d\u00e9terminer une \u00e9ventuelle intervention.<\/strong><\/span><\/p>\n<p><span style=\"color: #0000ff;\"><strong>\u21d2\u00a0 chaque intervention est adapt\u00e9e aux besoins et \u00e0 la r\u00e9alisation d&rsquo;objectifs d\u00e9finis.<\/strong><\/span><\/p>\n<p><span style=\"color: #0000ff;\"><strong>\u21d2\u00a0 le cas \u00e9ch\u00e9ant, un protocole\u00a0 d&rsquo;intervention est \u00e9tabli et contractualis\u00e9.<\/strong><strong>\u00a0<\/strong><\/span>[\/vc_column_text][\/vc_column][\/vc_row][vc_row][vc_column][vc_empty_space][\/vc_column][\/vc_row][vc_row][vc_column][vc_empty_space][\/vc_column][\/vc_row][vc_row][vc_column][vc_cta h2=\u00a0\u00bb\u00a0\u00bb txt_align=\u00a0\u00bbcenter\u00a0\u00bb shape=\u00a0\u00bbsquare\u00a0\u00bb style=\u00a0\u00bb3d\u00a0\u00bb css_animation=\u00a0\u00bbrotateInDownLeft\u00a0\u00bb]<span style=\"color: #0000ff; font-size: 14pt;\"><strong>POUR TOUTE DEMANDE<\/strong><\/span>[\/vc_cta][\/vc_column][\/vc_row][vc_row][vc_column][vc_cta h2=\u00a0\u00bb\u00a0\u00bb txt_align=\u00a0\u00bbcenter\u00a0\u00bb shape=\u00a0\u00bbsquare\u00a0\u00bb style=\u00a0\u00bb3d\u00a0\u00bb css_animation=\u00a0\u00bbrotateInDownRight\u00a0\u00bb]<span style=\"color: #0000ff; font-size: 14pt;\"><strong>REMPLIR UN FORMULAIRE DE CONTACT<\/strong><\/span>[\/vc_cta][\/vc_column][\/vc_row][vc_row][vc_column][vc_cta h2=\u00a0\u00bb\u00a0\u00bb txt_align=\u00a0\u00bbcenter\u00a0\u00bb shape=\u00a0\u00bbsquare\u00a0\u00bb style=\u00a0\u00bb3d\u00a0\u00bb css_animation=\u00a0\u00bbrotateInDownLeft\u00a0\u00bb]<span style=\"color: #0000ff; font-size: 36pt;\"><strong>\u2193<\/strong><\/span>[\/vc_cta][\/vc_column][\/vc_row][vc_row equal_height=\u00a0\u00bbyes\u00a0\u00bb parallax=\u00a0\u00bbcontent-moving\u00a0\u00bb parallax_image=\u00a0\u00bb1477&Prime;][vc_column][vc_column_text]<span style=\"font-size: 8pt; color: #ffffff;\"><strong>.<\/strong><\/span><\/p>\n<p><strong><span style=\"font-size: 14pt;\"><br \/>\n<\/span> <\/strong><\/p>\n<p>&nbsp;<\/p>\n<p><strong>\u00a0<\/strong>[\/vc_column_text][vc_btn title=\u00a0\u00bbCONTACT PAR FORMULAIRE \/ CLIQUER ICI\u00a0\u00bb shape=\u00a0\u00bbround\u00a0\u00bb color=\u00a0\u00bbdefault\u00a0\u00bb size=\u00a0\u00bblg\u00a0\u00bb align=\u00a0\u00bbcenter\u00a0\u00bb i_icon_fontawesome=\u00a0\u00bbfa fa-rocket\u00a0\u00bb css_animation=\u00a0\u00bbfadeInRightBig\u00a0\u00bb button_block=\u00a0\u00bbtrue\u00a0\u00bb add_icon=\u00a0\u00bbtrue\u00a0\u00bb custom_onclick=\u00a0\u00bbtrue\u00a0\u00bb link=\u00a0\u00bburl:%20http%3A%2F%2Fpatriciamillet-cleriops-creation.com%2Findex.php%2Fformulaire-contact-ateliers%2F%20|||\u00a0\u00bb][\/vc_column][\/vc_row][vc_row][vc_column][vc_empty_space][\/vc_column][\/vc_row][vc_row][vc_column][vc_empty_space][\/vc_column][\/vc_row][vc_row][vc_column][vc_empty_space][\/vc_column][\/vc_row][vc_row][vc_column][vc_column_text]<\/p>\n<p style=\"text-align: center;\">all rights reserved\u00a0 \u00a9<\/p>\n<p>[\/vc_column_text][\/vc_column][\/vc_row]<\/p>\n<\/div>","protected":false},"excerpt":{"rendered":"<p>[vc_row][vc_column][vc_cta h2=\u00a0\u00bb\u00a0\u00bb txt_align=\u00a0\u00bbcenter\u00a0\u00bb shape=\u00a0\u00bbsquare\u00a0\u00bb style=\u00a0\u00bb3d\u00a0\u00bb css_animation=\u00a0\u00bbrotateInDownLeft\u00a0\u00bb css=\u00a0\u00bb\u00a0\u00bb]MEDIATION\u00a0\u00a0\u00a0 ARTISTIQUE\u00a0 : [\/vc_cta][\/vc_column][\/vc_row][vc_row][vc_column parallax=\u00a0\u00bbcontent-moving\u00a0\u00bb parallax_image=\u00a0\u00bb1200&Prime;][vc_column_text] ATELIERS \u00ab\u00a0EXPRESSIONS ET CREATIONS\u00a0\u00bb : &gt;&gt;\u00a0 EXPRIMER PAR LA CREATION &gt;&gt;\u00a0 CREER SON OEUVRE &gt;&gt;\u00a0 SPACIALISER SA PRODUCTION &nbsp; CREATION\u00a0 PLURIDISCIPLINAIRE : \u00a0&gt; \u00e9criture &gt;\u00a0 peinture &gt; musique MAO &gt; th\u00e9\u00e2tre &gt; photo &gt;\u00a0 vid\u00e9o &gt;\u00a0 spectacle &gt; installation \/ exposition &gt; cr\u00e9ation\u00a0 &hellip; <\/p>\n<p class=\"link-more\"><a href=\"https:\/\/patriciamillet-cleriops-creation.com\/index.php\/ateliers\/\" class=\"more-link\">Continuer la lecture<span class=\"screen-reader-text\"> de &laquo;&nbsp;ATELIERS&nbsp;&raquo;<\/span><\/a><\/p>\n","protected":false},"author":1,"featured_media":0,"parent":0,"menu_order":0,"comment_status":"closed","ping_status":"closed","template":"","meta":{"footnotes":""},"class_list":["post-1057","page","type-page","status-publish","hentry"],"_links":{"self":[{"href":"https:\/\/patriciamillet-cleriops-creation.com\/index.php\/wp-json\/wp\/v2\/pages\/1057","targetHints":{"allow":["GET"]}}],"collection":[{"href":"https:\/\/patriciamillet-cleriops-creation.com\/index.php\/wp-json\/wp\/v2\/pages"}],"about":[{"href":"https:\/\/patriciamillet-cleriops-creation.com\/index.php\/wp-json\/wp\/v2\/types\/page"}],"author":[{"embeddable":true,"href":"https:\/\/patriciamillet-cleriops-creation.com\/index.php\/wp-json\/wp\/v2\/users\/1"}],"replies":[{"embeddable":true,"href":"https:\/\/patriciamillet-cleriops-creation.com\/index.php\/wp-json\/wp\/v2\/comments?post=1057"}],"version-history":[{"count":7,"href":"https:\/\/patriciamillet-cleriops-creation.com\/index.php\/wp-json\/wp\/v2\/pages\/1057\/revisions"}],"predecessor-version":[{"id":3282,"href":"https:\/\/patriciamillet-cleriops-creation.com\/index.php\/wp-json\/wp\/v2\/pages\/1057\/revisions\/3282"}],"wp:attachment":[{"href":"https:\/\/patriciamillet-cleriops-creation.com\/index.php\/wp-json\/wp\/v2\/media?parent=1057"}],"curies":[{"name":"wp","href":"https:\/\/api.w.org\/{rel}","templated":true}]}}