{"id":25,"date":"2017-07-26T23:03:33","date_gmt":"2017-07-26T21:03:33","guid":{"rendered":"http:\/\/patriciamillet-cleriops-creation.com\/?page_id=25"},"modified":"2025-07-12T17:23:58","modified_gmt":"2025-07-12T15:23:58","slug":"accueil-2","status":"publish","type":"page","link":"https:\/\/patriciamillet-cleriops-creation.com\/","title":{"rendered":"accueil"},"content":{"rendered":"<div class=\"wpb-content-wrapper\"><p>[vc_row][vc_column parallax=\u00a0\u00bbcontent-moving-fade\u00a0\u00bb parallax_image=\u00a0\u00bb200&Prime; css_animation=\u00a0\u00bbflipInY\u00a0\u00bb][vc_column_text css_animation=\u00a0\u00bblightSpeedIn\u00a0\u00bb css=\u00a0\u00bb\u00a0\u00bb]<\/p>\n<audio class=\"wp-audio-shortcode\" id=\"audio-25-1\" autoplay preload=\"auto\" style=\"width: 100%;\" controls=\"controls\"><source type=\"audio\/mpeg\" src=\"https:\/\/patriciamillet-cleriops-creation.com\/wp-content\/uploads\/2017\/07\/patricia-millet.m4a?_=1\" \/><a href=\"https:\/\/patriciamillet-cleriops-creation.com\/wp-content\/uploads\/2017\/07\/patricia-millet.m4a\">https:\/\/patriciamillet-cleriops-creation.com\/wp-content\/uploads\/2017\/07\/patricia-millet.m4a<\/a><\/audio>\n<p><strong><span style=\"color: #9e56a3;\"><img loading=\"lazy\" decoding=\"async\" class=\"alignleft size-thumbnail wp-image-198\" src=\"https:\/\/patriciamillet-cleriops-creation.com\/wp-content\/uploads\/2017\/07\/IMG0767A-copie-150x150.jpg\" alt=\"\" width=\"150\" height=\"150\" \/><\/span><span style=\"color: #008000;\">SITE EN MOUVEMENT\u00a0 !<\/span><br \/>\n<\/strong><\/p>\n<p><span style=\"color: #008000;\"><strong>avec des bonus partout&#8230; &#8230; &#8230;<\/strong><\/span><\/p>\n<p><span style=\"color: #1b3dd1;\"><strong>attention ! <\/strong><\/span><\/p>\n<p><span style=\"color: #1b3dd1;\"><strong>les embarcations sont r\u00e9guli\u00e8res !<\/strong><\/span><\/p>\n<p><span style=\"color: #1b3dd1;\"><strong>l&rsquo;aventure ne fait que commencer&#8230;ou se continue&#8230;<\/strong><\/span><\/p>\n<p><span style=\"color: #1b3dd1;\"><strong>ESPACES DES R\u00caVES &#8230;<\/strong><\/span><\/p>\n<p><span style=\"color: #1b3dd1;\"><strong>R\u00caVES DES REALITES&#8230;<\/strong><\/span><\/p>\n<p><span style=\"color: #1b3dd1;\"><strong>REALITES DES R\u00caVES&#8230;<\/strong><\/span>[\/vc_column_text][\/vc_column][\/vc_row][vc_row][vc_column css_animation=\u00a0\u00bbflipInY\u00a0\u00bb][vc_empty_space][vc_empty_space][vc_empty_space][vc_single_image image=\u00a0\u00bb3156&Prime; img_size=\u00a0\u00bblarge\u00a0\u00bb alignment=\u00a0\u00bbcenter\u00a0\u00bb style=\u00a0\u00bbvc_box_border_circle_2&Prime; border_color=\u00a0\u00bbturquoise\u00a0\u00bb onclick=\u00a0\u00bbzoom\u00a0\u00bb css_animation=\u00a0\u00bbrollIn\u00a0\u00bb][\/vc_column][\/vc_row][vc_row][vc_column][vc_icon icon_fontawesome=\u00a0\u00bbfa fa-long-arrow-down\u00a0\u00bb color=\u00a0\u00bbcustom\u00a0\u00bb size=\u00a0\u00bbsm\u00a0\u00bb align=\u00a0\u00bbcenter\u00a0\u00bb custom_color=\u00a0\u00bb#d83413&Prime;][\/vc_column][\/vc_row]<\/p>\n<\/div>","protected":false},"excerpt":{"rendered":"<p>[vc_row][vc_column parallax=\u00a0\u00bbcontent-moving-fade\u00a0\u00bb parallax_image=\u00a0\u00bb200&Prime; css_animation=\u00a0\u00bbflipInY\u00a0\u00bb][vc_column_text css_animation=\u00a0\u00bblightSpeedIn\u00a0\u00bb css=\u00a0\u00bb\u00a0\u00bb] SITE EN MOUVEMENT\u00a0 ! avec des bonus partout&#8230; &#8230; &#8230; attention ! les embarcations sont r\u00e9guli\u00e8res ! l&rsquo;aventure ne fait que commencer&#8230;ou se continue&#8230; ESPACES DES R\u00caVES &#8230; R\u00caVES DES REALITES&#8230; REALITES DES R\u00caVES&#8230;[\/vc_column_text][\/vc_column][\/vc_row][vc_row][vc_column css_animation=\u00a0\u00bbflipInY\u00a0\u00bb][vc_empty_space][vc_empty_space][vc_empty_space][vc_single_image image=\u00a0\u00bb3156&Prime; img_size=\u00a0\u00bblarge\u00a0\u00bb alignment=\u00a0\u00bbcenter\u00a0\u00bb style=\u00a0\u00bbvc_box_border_circle_2&Prime; border_color=\u00a0\u00bbturquoise\u00a0\u00bb onclick=\u00a0\u00bbzoom\u00a0\u00bb css_animation=\u00a0\u00bbrollIn\u00a0\u00bb][\/vc_column][\/vc_row][vc_row][vc_column][vc_icon icon_fontawesome=\u00a0\u00bbfa fa-long-arrow-down\u00a0\u00bb color=\u00a0\u00bbcustom\u00a0\u00bb size=\u00a0\u00bbsm\u00a0\u00bb align=\u00a0\u00bbcenter\u00a0\u00bb custom_color=\u00a0\u00bb#d83413&Prime;][\/vc_column][\/vc_row]<\/p>\n","protected":false},"author":1,"featured_media":92,"parent":0,"menu_order":0,"comment_status":"closed","ping_status":"closed","template":"","meta":{"footnotes":""},"class_list":["post-25","page","type-page","status-publish","has-post-thumbnail","hentry"],"_links":{"self":[{"href":"https:\/\/patriciamillet-cleriops-creation.com\/index.php\/wp-json\/wp\/v2\/pages\/25","targetHints":{"allow":["GET"]}}],"collection":[{"href":"https:\/\/patriciamillet-cleriops-creation.com\/index.php\/wp-json\/wp\/v2\/pages"}],"about":[{"href":"https:\/\/patriciamillet-cleriops-creation.com\/index.php\/wp-json\/wp\/v2\/types\/page"}],"author":[{"embeddable":true,"href":"https:\/\/patriciamillet-cleriops-creation.com\/index.php\/wp-json\/wp\/v2\/users\/1"}],"replies":[{"embeddable":true,"href":"https:\/\/patriciamillet-cleriops-creation.com\/index.php\/wp-json\/wp\/v2\/comments?post=25"}],"version-history":[{"count":8,"href":"https:\/\/patriciamillet-cleriops-creation.com\/index.php\/wp-json\/wp\/v2\/pages\/25\/revisions"}],"predecessor-version":[{"id":3640,"href":"https:\/\/patriciamillet-cleriops-creation.com\/index.php\/wp-json\/wp\/v2\/pages\/25\/revisions\/3640"}],"wp:featuredmedia":[{"embeddable":true,"href":"https:\/\/patriciamillet-cleriops-creation.com\/index.php\/wp-json\/wp\/v2\/media\/92"}],"wp:attachment":[{"href":"https:\/\/patriciamillet-cleriops-creation.com\/index.php\/wp-json\/wp\/v2\/media?parent=25"}],"curies":[{"name":"wp","href":"https:\/\/api.w.org\/{rel}","templated":true}]}}